{"id":480,"date":"2015-09-23T20:44:10","date_gmt":"2015-09-23T19:44:10","guid":{"rendered":"http:\/\/doucefrancelocation.fr\/?page_id=480"},"modified":"2022-03-20T14:51:10","modified_gmt":"2022-03-20T13:51:10","slug":"terms-conditions","status":"publish","type":"page","link":"https:\/\/doucefrancelocation.fr\/en\/terms-conditions\/","title":{"rendered":"Terms and conditions"},"content":{"rendered":"<h1 class=\"has-text-align-center\">Terms and conditions<\/h1>\n<h2>Conditions g\u00e9n\u00e9rales relatives \u00e0 l\u2019utilisation de ce site web<\/h2>\n<p>En visitant ou en utilisant ce site web, vous acceptez d\u2019\u00eatre li\u00e9 par les conditions g\u00e9n\u00e9rales ci-dessous. Doucefrancelocation se r\u00e9serve le droit de changer, modifier ou supprimer des informations \u00e0 n\u2019importe quel moment sans avertissement pr\u00e9alable.<\/p>\n<h2>1. D\u00e9finition et acc\u00e8s aux conditions g\u00e9n\u00e9rales<\/h2>\n<p>Le \u00ab site web \u00bb signifie le pr\u00e9sent site, tel qu\u2019\u00e9dit\u00e9 par Doucefrancelocation : Certaines parties ou pages du site web peuvent contenir des conditions g\u00e9n\u00e9rales sp\u00e9cifiques qui compl\u00e8tent les pr\u00e9sentes clauses. En cas de contradiction, les conditions g\u00e9n\u00e9rales sp\u00e9cifiques pr\u00e9valent sur les pr\u00e9sentes conditions g\u00e9n\u00e9rales pour les parties ou pages du site web qu\u2019elles concernent. Le site web peut \u00e9galement contenir des liens vers d\u2019autres sites publi\u00e9s par des parties tierces. Doucefrancelocation d\u00e9cline toute responsabilit\u00e9 quant au contenu ou \u00e0 la l\u00e9galit\u00e9 des informations disponibles sur ces sites Le fait de placer un lien vers un site tiers ou d\u2019autoriser une partie tierce \u00e0 inclure un lien sur son site web renvoyant au pr\u00e9sent site ne signifie pas que Doucefrancelocation recommande d\u2019une quelconque mani\u00e8re les produits ou les services offerts par ce site tiers.<\/p>\n<h2>2. Propri\u00e9taire&nbsp;du site web<\/h2>\n<ul>\n<li>Doucefrancelocation<\/li>\n<li>Rue<\/li>\n<li>Code post + pays<\/li>\n<li>TVA BE \u2026\u2026\u2026\u2026\u2026&nbsp;&#8211;<\/li>\n<\/ul>\n<h2>4. Responsabilit\u00e9 pour le contenu<\/h2>\n<p>Ce site web a \u00e9t\u00e9 cr\u00e9e par eyaka.be&nbsp;avec le plus grand soin. N\u00e9anmoins, eyaka&nbsp;ne peut pas garantir l\u2019exactitude de toutes les informations qui y sont pr\u00e9sentes.<\/p>\n<h2>5. a) Droits de propri\u00e9t\u00e9 intellectuels<\/h2>\n<p>Les informations et le mat\u00e9riel pr\u00e9sents sur ce site web sont prot\u00e9g\u00e9s par les droits de propri\u00e9t\u00e9 intellectuelle appartenant \u00e0 Doucefrancelocation ou \u00e0 d\u2019autres entit\u00e9s avec laquelle celle-ci peut avoir sign\u00e9 une licence d\u2019utilisation. Il vous est permis d\u2019utiliser ce site web, de consulter les informations et de faire des copies, dans votre int\u00e9r\u00eat personnel et exclusif.<\/p>\n<h2>6. Loi applicable et juridictions<\/h2>\n<p>En cas de conflit relative \u00e0 l\u2019interpr\u00e9tation, la validit\u00e9 ou l\u2019ex\u00e9cution de ses pr\u00e9sentes conditions g\u00e9n\u00e9rales, le droit belge sera applicable et les cours et tribunaux de Bruxelles seront seuls comp\u00e9tents.<\/p>\n<h2>7.Utilisation et conservation des donn\u00e9es<\/h2>\n<p>A chaque visite sur notre site web, notre serveur web ne conserve que les informations suivantes : votre adresse IP, les informations que vous nous communiquez volontairement, telles que par exemple votre adresse postale, votre num\u00e9ro de t\u00e9l\u00e9phone, votre adresse e-mail\u2026 Les donn\u00e9es que vous nous communiquez sur ce site, dans le cadre d\u2019une utilisation de nos formulaires de contact&nbsp;ne&nbsp;sont utilis\u00e9es utilis\u00e9s que par Doucefrancelocation et ne pourront \u00eatre r\u00e9utilis\u00e9s \u00e0 des fins commerciales par des soci\u00e9t\u00e9s tiers.<\/p>\n<h2>8. Droit de suppression de vos donn\u00e9es<\/h2>\n<p>Vous disposez \u00e0 tout moment du droit de faire une demande de suppression des donn\u00e9es&nbsp;que nous d\u00e9tenons \u00e0 votre sujet.<\/p>\n<h2>9. S\u00e9curit\u00e9<\/h2>\n<p>Nous utilisons toujours les technologies de cryptage qui sont reconnues comme les standards industriels au sein du secteur IT quand nous transf\u00e9rons ou recevons vos donn\u00e9es sur notre site. Nous avons d\u00e9j\u00e0 mis en place des mesures de s\u00e9curit\u00e9 appropri\u00e9es pour prot\u00e9ger la perte, l&#8217;usage abusif ou l&#8217;alt\u00e9ration des informations re\u00e7ues sur notre site. Comment contacter notre entreprise pour la police de vie priv\u00e9e? Si vous souhaitez r\u00e9agir \u00e0 l&#8217;une des pratiques d\u00e9crites ci-dessus, vous pouvez nous contacter :<\/p>\n<ul>\n<li>par e-mail: info@doucefrancelocation.fr<\/li>\n<li>par courrier \u00e0 l\u2019adresse susmentionn\u00e9e<\/li>\n<li>par t\u00e9l\u00e9phone :&nbsp;\u2026<\/li>\n<\/ul>\n<p>Si vous nous communiquez votre adresse postale via le web, Vous ne recevrez que les informations que vous avez demand\u00e9es, \u00e0 l&#8217;adresse que vous nous avez communiqu\u00e9e. Si vous estimez que notre site ne respecte pas notre police de vie priv\u00e9e telle qu&#8217;elle est d\u00e9crite, vous pouvez contacter la soci\u00e9t\u00e9 Doucefrancelocation (par e-mail via info@doucefrancelocation.fr, par courrier \u00e0 l&#8217;adresse: \u2026) &#8211; la Commission pour la Protection de la Vie Priv\u00e9e, (Rue de la Presse 35, 1000 Bruxelles \u2013 t\u00e9l : 02\/274.48.00 \u2013 commission@privacycommission.be)<\/p>\n<h2>10.Utilisation de cookies<\/h2>\n<p>En visitant ce site web, vous acceptez automatiquement que Doucefrancelocation installe des cookies sur votre ordinateur, lui permettant de collecter de l\u2019information sur votre mani\u00e8re d\u2019utiliser ce site. <strong>Qu\u2019est-ce qu\u2019un cookie ?<\/strong> Un cookie est un petit fichier plac\u00e9 dans votre ordinateur et g\u00e9r\u00e9 par le site qui a install\u00e9 le cookie. Les cookies permettent d\u2019imm\u00e9diatement de reconna\u00eetre votre ordinateur lors de votre prochaine visite au m\u00eame site web. Gr\u00e2ce \u00e0 l\u2019utilisation de cookies, le site web peut enregistrer temporairement des informations par rapport aux visiteurs de ce site web et leurs visites. Par visite, diff\u00e9rents types de cookies peuvent \u00eatre utilis\u00e9s. <strong> A quoi servent les cookies ? <\/strong> Les cookies permettent de personnaliser la visite du site web, par exemple en :<\/p>\n<ul>\n<li>Montrant les param\u00e8tres de navigation relevants<\/li>\n<li>Retenant les pr\u00e9f\u00e9rences des visiteurs (langues, pages visit\u00e9s\u2026)<\/li>\n<li>Am\u00e9liorant de mani\u00e8re g\u00e9n\u00e9rale l\u2019exp\u00e9rience de l\u2019utilisateur du site<\/li>\n<\/ul>\n<p><strong>Pourquoi Doucefrancelocation utilise-t-elle des cookies ?<\/strong> L\u2019utilisation des cookies par Doucefrancelocation est limit\u00e9e aux finalit\u00e9s suivantes :<\/p>\n<ul>\n<li>Rendre l\u2019utilisation du site web plus facile (entre autre \u00e9viter que les m\u00eames donn\u00e9es ne doivent \u00eatre syst\u00e9matiquement compl\u00e9t\u00e9es, par ex. lors du choix de la langue)<\/li>\n<li>Analyser la fa\u00e7on selon laquelle les visiteurs utilisent le site web.<\/li>\n<\/ul>\n<p>En aucun cas le cookie n\u2019enregistrera quelle information est utilis\u00e9e ou imprim\u00e9e par un visiteur individuel. Le but est de collecter de l\u2019information statistique qui permet d\u2019optimaliser le fonctionnement du site web. Via les param\u00e8tres de votre browser, vous pouvez refuser les cookies et ainsi \u00e9viter leur installation sur votre disque dur. Dans ce cas, Doucefrancelocation ne peut pas garantir le fonctionnement optimal du site web en toutes les circonstances.<\/p>\n","protected":false},"excerpt":{"rendered":"<p>Terms and conditions Conditions g\u00e9n\u00e9rales relatives \u00e0 l\u2019utilisation de ce site web En visitant ou en utilisant ce site web, vous acceptez d\u2019\u00eatre li\u00e9 par les conditions g\u00e9n\u00e9rales ci-dessous. Doucefrancelocation se r\u00e9serve le droit de changer, modifier ou supprimer des informations \u00e0 n\u2019importe quel moment sans avertissement pr\u00e9alable. 1. D\u00e9finition et acc\u00e8s aux conditions g\u00e9n\u00e9rales [&hellip;]<\/p>\n","protected":false},"author":1,"featured_media":0,"parent":0,"menu_order":0,"comment_status":"closed","ping_status":"closed","template":"","meta":[],"_links":{"self":[{"href":"https:\/\/doucefrancelocation.fr\/en\/wp-json\/wp\/v2\/pages\/480\/"}],"collection":[{"href":"https:\/\/doucefrancelocation.fr\/en\/wp-json\/wp\/v2\/pages\/"}],"about":[{"href":"https:\/\/doucefrancelocation.fr\/en\/wp-json\/wp\/v2\/types\/page\/"}],"author":[{"embeddable":true,"href":"https:\/\/doucefrancelocation.fr\/en\/wp-json\/wp\/v2\/users\/1\/"}],"replies":[{"embeddable":true,"href":"https:\/\/doucefrancelocation.fr\/en\/wp-json\/wp\/v2\/comments\/?post=480"}],"version-history":[{"count":2,"href":"https:\/\/doucefrancelocation.fr\/en\/wp-json\/wp\/v2\/pages\/480\/revisions\/"}],"predecessor-version":[{"id":642,"href":"https:\/\/doucefrancelocation.fr\/en\/wp-json\/wp\/v2\/pages\/480\/revisions\/642\/"}],"wp:attachment":[{"href":"https:\/\/doucefrancelocation.fr\/en\/wp-json\/wp\/v2\/media\/?parent=480"}],"curies":[{"name":"wp","href":"https:\/\/api.w.org\/{rel}","templated":true}]}}