{"id":211,"date":"2014-12-18T14:02:19","date_gmt":"2014-12-18T14:02:19","guid":{"rendered":"http:\/\/doucefrancelocation.fr\/la-farigoule\/?page_id=211"},"modified":"2025-02-03T10:46:23","modified_gmt":"2025-02-03T10:46:23","slug":"villa-la-farigoule","status":"publish","type":"page","link":"https:\/\/doucefrancelocation.fr\/la-farigoule\/","title":{"rendered":"Villa La Farigoule"},"content":{"rendered":"<p>La \u00ab\u00a0Farigoule\u00a0\u00bb est une splendide villa situ\u00e9e \u00e0 Saint- Rapha\u00ebl (C\u00f4te d\u2019Azur).<\/p>\n<p>Vous appr\u00e9cierez le charme de sa terrasse de 350 m\u00b2 surplombant la mer et agr\u00e9ment\u00e9e d\u2019une piscine \u00e0 d\u00e9bordement (10m x 5m &#8211; Chauff\u00e9e \u00e0 28\u00b0C), ainsi que de sa deuxi\u00e8me terrasse en bois suspendue dans la v\u00e9g\u00e9tation.<\/p>\n<p>Les alentours, inconstructibles et class\u00e9s sur plusieurs centaines d\u2019hectares (for\u00eat domaniale de l\u2019Est\u00e9rel), offrent un panorama exceptionnel. Des plages de sable et de galets ainsi que de nombreuses criques sont accessibles \u00e0 moins de 300 m\u00e8tres par des chemins priv\u00e9s p\u00e9destres, sans voiture, ni route \u00e0 traverser.<\/p>\n<p>Pas de voisin visible. S\u00e9curit\u00e9 et calme absolu. Farniente !<\/p>\n<p>&nbsp;<\/p>\n<p><iframe title=\"La Farigoule Agay 1\" width=\"500\" height=\"375\" src=\"https:\/\/www.youtube.com\/embed\/UZc4Bf_SPq4?feature=oembed\" frameborder=\"0\" allow=\"accelerometer; autoplay; clipboard-write; encrypted-media; gyroscope; picture-in-picture; web-share\" referrerpolicy=\"strict-origin-when-cross-origin\" allowfullscreen><\/iframe><\/p>\n<p>&nbsp;<\/p>\n<table style=\"height: 222px;\" width=\"869\">\n<tbody>\n<tr>\n<td style=\"text-align: center;\">\n<h2><b>Description de la Villa<\/b><\/h2>\n<p>La Villa est implant\u00e9e sur un terrain cl\u00f4tur\u00e9 de plus de 8000 m\u00b2, avec plus de 10 acc\u00e8s directs \u00e0 la mer\nsans aucune route \u00e0 traverser. Les enfants descendent en toute s\u00e9curit\u00e9 sur une plage de sable fin,\nde galets ou dans des criques, directement de la Villa par des chemins p\u00e9destres \u00e0 travers bois.<\/td>\n<\/tr>\n<tr>\n<td style=\"text-align: center;\">Belle terrasse \u00e9quip\u00e9e (mobilier de jardin, parasols, barbecue,&#8230;)\nen pierre naturelle de plus de 200 m\u00b2 devant la Villa, incluant la piscine \u00e0 d\u00e9bordement vue sur mer.\nGrand jardin privatif cl\u00f4tur\u00e9.\nSeconde terrasse suspendue sur pilotis, \u00e9quip\u00e9e de mobilier, \u00e0 quelques dizaines de m\u00e8tres.\n(tranquilit\u00e9 entre les 2 terrasses, parents\/enfants)<\/td>\n<\/tr>\n<tr>\n<td style=\"text-align: center;\">La Villa se situe \u00e0 l&rsquo;extr\u00e9mit\u00e9 du Cap du Dramont.\nDe belles balades le long des falaises sont accessibles depuis le jardin.\nBoulangerie artisanale et petits commerces de proximit\u00e9 accessibles \u00e0 pied (quelques minutes).<\/td>\n<\/tr>\n<tr>\n<td style=\"text-align: center;\">Grand living \/ cuisine donnant sur terrasse avec barbecue au gaz.\nVue mer de toutes les fen\u00eatres. Grande chemin\u00e9e.<\/td>\n<\/tr>\n<tr>\n<td style=\"text-align: center;\">T\u00e9l\u00e9vision \u00e0 \u00e9cran plat (dans le salon) et connexion \u00e0 Internet (c\u00e2ble et WiFi)<\/td>\n<\/tr>\n<tr>\n<td style=\"text-align: center;\">4 chambres \u00e0 coucher :<b><span style=\"text-decoration: underline;\">CHAMBRE 1 :<\/span><\/b>\nLit double (160 x 200). Terrasse et vue mer.<b><span style=\"text-decoration: underline;\">CHAMBRE 2 :<\/span><\/b>\nLit double (160 x 200), lits superpos\u00e9s (2 pers). Terrasse et vue mer.Grande salle de bain commune pour Chambre 1 et 2. WC ind\u00e9pendant.<b><span style=\"text-decoration: underline;\">CHAMBRE 3 :<\/span><\/b>\nLit double (160 x 200), salle de bain individuelle avec WC.<b><span style=\"text-decoration: underline;\">CHAMBRE 4 :<\/span><\/b>\nLit double (160 x 200), lits superpos\u00e9s (2 pers), salle de bain individuelle avec WC. Vue mer.<\/td>\n<\/tr>\n<tr>\n<td style=\"text-align: center;\">A 20 m de la maison principale, petit mas (30 m\u00b2) compos\u00e9 d&rsquo;une salle de douche,\nun WC, un lit double et lits superpos\u00e9s (2 pers). Vue mer.<\/td>\n<\/tr>\n<tr>\n<td style=\"text-align: center;\">A quelques m\u00e8tres de la maison, vous d\u00e9couvrirez une cabane d\u00e9cor\u00e9e avec \u00e9clairage,\nsans sanitaire, avec lit double. Terrasse et vue mer.<\/td>\n<\/tr>\n<tr>\n<td style=\"text-align: center;\">Parking priv\u00e9<\/td>\n<\/tr>\n<tr>\n<td style=\"text-align: center;\">Anneau pour votre bateau, disponible sur demande<\/td>\n<\/tr>\n<\/tbody>\n<\/table>\n","protected":false},"excerpt":{"rendered":"<p>La \u00ab\u00a0Farigoule\u00a0\u00bb est une splendide villa situ\u00e9e \u00e0 Saint- Rapha\u00ebl (C\u00f4te d\u2019Azur). Vous appr\u00e9cierez le charme de sa terrasse de 350 m\u00b2 surplombant la mer et agr\u00e9ment\u00e9e d\u2019une piscine \u00e0 d\u00e9bordement (10m x 5m &#8211; Chauff\u00e9e \u00e0 28\u00b0C), ainsi que de sa deuxi\u00e8me terrasse en bois suspendue dans la v\u00e9g\u00e9tation. Les alentours, inconstructibles et class\u00e9s [&hellip;]<\/p>\n","protected":false},"author":1,"featured_media":0,"parent":0,"menu_order":0,"comment_status":"open","ping_status":"open","template":"","meta":[],"_links":{"self":[{"href":"https:\/\/doucefrancelocation.fr\/la-farigoule\/wp-json\/wp\/v2\/pages\/211"}],"collection":[{"href":"https:\/\/doucefrancelocation.fr\/la-farigoule\/wp-json\/wp\/v2\/pages"}],"about":[{"href":"https:\/\/doucefrancelocation.fr\/la-farigoule\/wp-json\/wp\/v2\/types\/page"}],"author":[{"embeddable":true,"href":"https:\/\/doucefrancelocation.fr\/la-farigoule\/wp-json\/wp\/v2\/users\/1"}],"replies":[{"embeddable":true,"href":"https:\/\/doucefrancelocation.fr\/la-farigoule\/wp-json\/wp\/v2\/comments?post=211"}],"version-history":[{"count":51,"href":"https:\/\/doucefrancelocation.fr\/la-farigoule\/wp-json\/wp\/v2\/pages\/211\/revisions"}],"predecessor-version":[{"id":1940,"href":"https:\/\/doucefrancelocation.fr\/la-farigoule\/wp-json\/wp\/v2\/pages\/211\/revisions\/1940"}],"wp:attachment":[{"href":"https:\/\/doucefrancelocation.fr\/la-farigoule\/wp-json\/wp\/v2\/media?parent=211"}],"curies":[{"name":"wp","href":"https:\/\/api.w.org\/{rel}","templated":true}]}}