{"id":222,"date":"2014-12-18T14:06:35","date_gmt":"2014-12-18T14:06:35","guid":{"rendered":"http:\/\/doucefrancelocation.fr\/la-farigoule\/?page_id=222"},"modified":"2022-03-23T11:16:54","modified_gmt":"2022-03-23T11:16:54","slug":"localisation","status":"publish","type":"page","link":"https:\/\/doucefrancelocation.fr\/la-farigoule\/localisation\/","title":{"rendered":"Localisation"},"content":{"rendered":"<p>Situ\u00e9e \u00e0 mi-distance entre Cannes et Saint-Tropez (38 km), Saint-Rapha\u00ebl est une station du littoral m\u00e9diterran\u00e9en implant\u00e9e au pied du superbe massif de l&rsquo;Est\u00e9rel. Saint-Rapha\u00ebl b\u00e9n\u00e9ficie de moyens de communication rapides :<\/p>\n","protected":false},"excerpt":{"rendered":"<p>Situ\u00e9e \u00e0 mi-distance entre Cannes et Saint-Tropez (38 km), Saint-Rapha\u00ebl est une station du littoral m\u00e9diterran\u00e9en implant\u00e9e au pied du superbe massif de l&rsquo;Est\u00e9rel. Saint-Rapha\u00ebl b\u00e9n\u00e9ficie de moyens de communication rapides :<\/p>\n","protected":false},"author":1,"featured_media":0,"parent":0,"menu_order":0,"comment_status":"open","ping_status":"open","template":"","meta":[],"_links":{"self":[{"href":"https:\/\/doucefrancelocation.fr\/la-farigoule\/wp-json\/wp\/v2\/pages\/222"}],"collection":[{"href":"https:\/\/doucefrancelocation.fr\/la-farigoule\/wp-json\/wp\/v2\/pages"}],"about":[{"href":"https:\/\/doucefrancelocation.fr\/la-farigoule\/wp-json\/wp\/v2\/types\/page"}],"author":[{"embeddable":true,"href":"https:\/\/doucefrancelocation.fr\/la-farigoule\/wp-json\/wp\/v2\/users\/1"}],"replies":[{"embeddable":true,"href":"https:\/\/doucefrancelocation.fr\/la-farigoule\/wp-json\/wp\/v2\/comments?post=222"}],"version-history":[{"count":2,"href":"https:\/\/doucefrancelocation.fr\/la-farigoule\/wp-json\/wp\/v2\/pages\/222\/revisions"}],"predecessor-version":[{"id":1632,"href":"https:\/\/doucefrancelocation.fr\/la-farigoule\/wp-json\/wp\/v2\/pages\/222\/revisions\/1632"}],"wp:attachment":[{"href":"https:\/\/doucefrancelocation.fr\/la-farigoule\/wp-json\/wp\/v2\/media?parent=222"}],"curies":[{"name":"wp","href":"https:\/\/api.w.org\/{rel}","templated":true}]}}